{"id":206,"date":"2024-03-11T21:05:33","date_gmt":"2024-03-11T21:05:33","guid":{"rendered":"https:\/\/cibofacile.in\/?page_id=206"},"modified":"2024-03-14T09:09:09","modified_gmt":"2024-03-14T09:09:09","slug":"chi-siamo","status":"publish","type":"page","link":"https:\/\/cibofacile.in\/index.php\/chi-siamo\/","title":{"rendered":"Chi siamo"},"content":{"rendered":"\n<div class=\"wp-block-columns is-layout-flex wp-container-core-columns-is-layout-1 wp-block-columns-is-layout-flex\">\n<div class=\"wp-block-column is-layout-flow wp-block-column-is-layout-flow\" id=\"https:\/\/maps.app.goo.gl\/nG1aomjzLyZwcyYm7\">\n<iframe src=\"https:\/\/www.google.com\/maps\/embed?pb=!1m14!1m8!1m3!1d6042.220436043037!2d14.546036999999998!3d40.781591!3m2!1i1024!2i768!4f13.1!3m3!1m2!1s0x133bbbc6c2f4eba5%3A0x247ba20e85279be2!2sCibo&#39;!5e0!3m2!1sit!2sit!4v1710407330905!5m2!1sit!2sit\" width=\"600\" height=\"450\" style=\"border:0;\" allowfullscreen=\"\" loading=\"lazy\" referrerpolicy=\"no-referrer-when-downgrade\"><\/iframe>\n<\/div>\n\n\n\n<div class=\"wp-block-column is-layout-flow wp-block-column-is-layout-flow\">\n<h6 class=\"wp-block-heading\"><strong>Siamo il supermercato \u201cCib\u00f2\u201d, una famiglia di commercianti che da tre generazioni porta sulle tavole di Boscoreale il meglio del cibo italiano. I fratelli Domenico sono i nostri gestori, e condividono con voi la loro passione per la qualit\u00e0 e la tradizione.<\/strong><\/h6>\n\n\n\n<h6 class=\"wp-block-heading\"><strong>Il nostro successo \u00e8 frutto di un lavoro costante, di una visione innovativa e di una fedelt\u00e0 ai nostri principi. Ogni prodotto che trovate nel nostro negozio \u00e8 stato selezionato con cura, per offrirvi solo il meglio. Carne, salumi, formaggi, e molto altro: tutto rigorosamente italiano e di prima scelta.<\/strong><\/h6>\n\n\n\n<h6 class=\"wp-block-heading\"><strong>Recentemente, abbiamo aderito al gruppo Granrisparmio. Questa scelta ci ha permesso di ampliare la nostra gamma di prodotti e di offrirvi prezzi ancora pi\u00f9 vantaggiosi.<\/strong><\/h6>\n\n\n\n<h6 class=\"wp-block-heading\"><strong>Il futuro \u00e8 qui: il nostro nuovo e-commerce Sappiamo che il mondo cambia, e noi cambiamo con lui. Per questo, siamo felici di presentarvi il nostro nuovo servizio di e-commerce. Da oggi, potete fare la spesa online, scegliendo tra i nostri prodotti di alta qualit\u00e0.<\/strong><\/h6>\n\n\n\n<h6 class=\"wp-block-heading\"><strong>Il nostro obiettivo \u00e8 rendere la vostra spesa online facile e divertente. Potete navigare tra le diverse categorie di prodotti, aggiungere articoli al carrello e pagare in pochi clic. Inoltre, potete scegliere tra diverse modalit\u00e0 di consegna, in base alle vostre preferenze.<\/strong><\/h6>\n\n\n\n<h6 class=\"wp-block-heading\"><strong>Siamo sicuri che questa novit\u00e0 ci aiuter\u00e0 a servirvi meglio e a raggiungere nuovi clienti. Vi aspettiamo nel nostro negozio online!<\/strong><\/h6>\n\n\n\n<h6 class=\"wp-block-heading\"><strong>Grazie per aver scelto il supermercato \u201cCib\u00f2\u201d. Continueremo a lavorare con impegno per darvi sempre il meglio. A presto!<\/strong><\/h6>\n<\/div>\n<\/div>\n","protected":false},"excerpt":{"rendered":"<p>Siamo il supermercato \u201cCib\u00f2\u201d, una famiglia di commercianti che da tre generazioni porta sulle tavole di Boscoreale il meglio del cibo italiano. I fratelli Domenico sono i nostri gestori, e condividono con voi la loro passione per la qualit\u00e0 e la tradizione. Il nostro successo \u00e8 frutto di un lavoro costante, di una visione innovativa&hellip;&nbsp;<a href=\"https:\/\/cibofacile.in\/index.php\/chi-siamo\/\" class=\"\" rel=\"bookmark\">Read More &raquo;<span class=\"screen-reader-text\">Chi siamo<\/span><\/a><\/p>\n","protected":false},"author":1,"featured_media":236,"parent":0,"menu_order":0,"comment_status":"closed","ping_status":"closed","template":"","meta":{"neve_meta_sidebar":"","neve_meta_container":"","neve_meta_enable_content_width":"","neve_meta_content_width":0,"neve_meta_title_alignment":"","neve_meta_author_avatar":"","neve_post_elements_order":"","neve_meta_disable_header":"","neve_meta_disable_footer":"","neve_meta_disable_title":"","neve_meta_reading_time":"","footnotes":""},"jetpack_sharing_enabled":true,"_links":{"self":[{"href":"https:\/\/cibofacile.in\/index.php\/wp-json\/wp\/v2\/pages\/206"}],"collection":[{"href":"https:\/\/cibofacile.in\/index.php\/wp-json\/wp\/v2\/pages"}],"about":[{"href":"https:\/\/cibofacile.in\/index.php\/wp-json\/wp\/v2\/types\/page"}],"author":[{"embeddable":true,"href":"https:\/\/cibofacile.in\/index.php\/wp-json\/wp\/v2\/users\/1"}],"replies":[{"embeddable":true,"href":"https:\/\/cibofacile.in\/index.php\/wp-json\/wp\/v2\/comments?post=206"}],"version-history":[{"count":9,"href":"https:\/\/cibofacile.in\/index.php\/wp-json\/wp\/v2\/pages\/206\/revisions"}],"predecessor-version":[{"id":244,"href":"https:\/\/cibofacile.in\/index.php\/wp-json\/wp\/v2\/pages\/206\/revisions\/244"}],"wp:featuredmedia":[{"embeddable":true,"href":"https:\/\/cibofacile.in\/index.php\/wp-json\/wp\/v2\/media\/236"}],"wp:attachment":[{"href":"https:\/\/cibofacile.in\/index.php\/wp-json\/wp\/v2\/media?parent=206"}],"curies":[{"name":"wp","href":"https:\/\/api.w.org\/{rel}","templated":true}]}}